{"id":10,"date":"2013-06-14T13:00:38","date_gmt":"2013-06-14T11:00:38","guid":{"rendered":"http:\/\/xn--drk-twi-e1a.de\/?page_id=10"},"modified":"2023-06-06T09:57:50","modified_gmt":"2023-06-06T07:57:50","slug":"die-sanitatsbereitschaft","status":"publish","type":"page","link":"https:\/\/xn--drk-twi-e1a.de\/?page_id=10","title":{"rendered":"Die Bereitschaft"},"content":{"rendered":"\n<p>Die 2. Sanit\u00e4tsgruppe Transport des Katastrophenschutzes Nordfriesland<br>u. die 2. Betreuungseinheit des Katastrophenschutzes Nordfriesland<\/p>\n\n\n\n<p>Du willst dich ehrenamtlich als Retter\/Helfer im Bev\u00f6lkerungsschutz oder der Schnell Einsatz Gruppe des Rettungsdienst Nordfriesland engagieren? Du hilfst gerne anderen Menschen? Du kannst dich gut und flexibel auf ungew\u00f6hnliche Situationen einstellen? Du arbeitest gerne mit neuem und modernem Equipment? Du bildest dich gerne fort und magst ein breites Spektrum an Wissen?<\/p>\n\n\n\n<p>Dann bist du bei uns genau richtig!<\/p>\n\n\n\n<p>Den wir bilden dich in verschiedenen Bereichen aus z.B. :<br>&#8211; Erste Hilfe<br>&#8211; als Sanit\u00e4ter\/in<br>&#8211; als Betreuer\/in<br>&#8211; als Feldkoch\/Feldk\u00f6chin<br>&#8211; im BOS Funk<\/p>\n\n\n\n<p>und vieles mehr. Unsere Helfer im DRK sind universell einsetzbar.&nbsp;<\/p>\n\n\n\n<p>Bei uns bist du ein Teil einer starken Gemeinschaft und agierst mit im Katastrophenschutz und der Schnell Einsatz Gruppe des Kreises Nordfriesland.&nbsp;<\/p>\n\n\n\n<p>Du sicherst, in einem starken Team, die verschiedensten Veranstaltungen sanit\u00e4tsdienstlich ab und arbeitest dabei eng mit dem Rettungsdienst und weiteren Sicherheitsbeh\u00f6rden zusammen.<\/p>\n\n\n\n<p>Wir bieten dir, eine starke Gemeinschaft und ein tolles Team. Sowie das Gef\u00fchl, etwas gutes f\u00fcr andere getan zu haben und ein Teil der gr\u00f6\u00dften Hilfsorganisation weltweit zu sein.&nbsp;<\/p>\n\n\n\n<p>Interesse geweckt ?&nbsp;<br>Wir treffen uns jeden zweiten Montag im Monat um 19:30 Uhr in unserer Unterkunft in T\u00f6nning, sowie meist den letzten Mittwoch im Monat um 20:00 Uhr in unserer Unterkunft in Garding.&nbsp;<\/p>\n\n\n\n<p>Fragen an uns? Dann schnell eine Email an :<\/p>\n\n\n\n<p>ichwillhelfen@drk-toewi.de<\/p>\n","protected":false},"excerpt":{"rendered":"<p>Die 2. Sanit\u00e4tsgruppe Transport des Katastrophenschutzes Nordfrieslandu. die 2. Betreuungseinheit des Katastrophenschutzes Nordfriesland Du willst dich ehrenamtlich als Retter\/Helfer im Bev\u00f6lkerungsschutz oder der Schnell Einsatz Gruppe des Rettungsdienst Nordfriesland engagieren? Du hilfst gerne anderen Menschen? Du kannst dich gut und flexibel auf ungew\u00f6hnliche Situationen einstellen? Du arbeitest gerne mit neuem und modernem Equipment? Du bildest [&hellip;]<\/p>\n","protected":false},"author":1,"featured_media":0,"parent":0,"menu_order":2,"comment_status":"closed","ping_status":"closed","template":"","meta":{"ngg_post_thumbnail":0,"jetpack_post_was_ever_published":false,"footnotes":""},"class_list":["post-10","page","type-page","status-publish","hentry"],"jetpack_sharing_enabled":true,"jetpack_shortlink":"https:\/\/wp.me\/P7Ojiy-a","_links":{"self":[{"href":"https:\/\/xn--drk-twi-e1a.de\/index.php?rest_route=\/wp\/v2\/pages\/10","targetHints":{"allow":["GET"]}}],"collection":[{"href":"https:\/\/xn--drk-twi-e1a.de\/index.php?rest_route=\/wp\/v2\/pages"}],"about":[{"href":"https:\/\/xn--drk-twi-e1a.de\/index.php?rest_route=\/wp\/v2\/types\/page"}],"author":[{"embeddable":true,"href":"https:\/\/xn--drk-twi-e1a.de\/index.php?rest_route=\/wp\/v2\/users\/1"}],"replies":[{"embeddable":true,"href":"https:\/\/xn--drk-twi-e1a.de\/index.php?rest_route=%2Fwp%2Fv2%2Fcomments&post=10"}],"version-history":[{"count":12,"href":"https:\/\/xn--drk-twi-e1a.de\/index.php?rest_route=\/wp\/v2\/pages\/10\/revisions"}],"predecessor-version":[{"id":735,"href":"https:\/\/xn--drk-twi-e1a.de\/index.php?rest_route=\/wp\/v2\/pages\/10\/revisions\/735"}],"wp:attachment":[{"href":"https:\/\/xn--drk-twi-e1a.de\/index.php?rest_route=%2Fwp%2Fv2%2Fmedia&parent=10"}],"curies":[{"name":"wp","href":"https:\/\/api.w.org\/{rel}","templated":true}]}}