{"id":43,"date":"2013-06-14T13:14:57","date_gmt":"2013-06-14T11:14:57","guid":{"rendered":"http:\/\/xn--drk-twi-e1a.de\/?page_id=43"},"modified":"2024-05-01T21:37:47","modified_gmt":"2024-05-01T19:37:47","slug":"startseite","status":"publish","type":"page","link":"https:\/\/xn--drk-twi-e1a.de\/","title":{"rendered":"Startseite"},"content":{"rendered":"\n<p>Herzlich willkommen auf unserer Internetseite,<\/p>\n\n\n\n<p>wir, das ist zu einem der Ortsverein T\u00f6nning\/ Witzwort e.V. und zum anderen, die damit verbundene Sanit\u00e4tsbereitschaft des zweiten Sanit\u00e4tszuges Nordfriesland, sowie der zweiten Betreuungsgruppe des Kreises Nordfriesland. Seit Februar 2023 verf\u00fcgen wir auch \u00fcber eine Drohnenstaffel.<\/p>\n\n\n\n<p>Hier m\u00f6chten wir dich \u00fcber die Entstehung des Ortsvereins sowie auch \u00fcber Neuigkeiten und alles rund um die Sanit\u00e4tsbereitschaft und Betreuung informieren. Auch kannst du hier unsere Termine f\u00fcr Dienstabende und Blutspenden finden. Wir w\u00fcrden uns freuen, wenn wir \u00fcber diese Seite, dein Interesse an unserem Verein wecken und wir dich vielleicht demn\u00e4chst als passives oder aktives Mitglied in der Bereitschaft oder im Ortsverein begr\u00fc\u00dfen d\u00fcrfen.<\/p>\n\n\n\n<p>Wir beantworten hier die Fragen :<\/p>\n\n\n\n<ul class=\"wp-block-list\">\n<li>Was machen wir ?<\/li>\n\n\n\n<li>Wer sind wir ?<\/li>\n\n\n\n<li>Wie kannst auch du ein Teil von uns werden ?<\/li>\n<\/ul>\n\n\n\n<!-- Spendenaktion spendentaste --> \n<div class=\"steunactie-widget\" data-url=\"https:\/\/spendenaktion.de\/spendenaktion\/einsatzkleidung-psa-fur-das-drk-tonning-witzwort-e-v\/-36256?widget=big\"><\/div>\n<script src=\"https:\/\/spendenaktion.de\/js\/widget.js\"><\/script>\n","protected":false},"excerpt":{"rendered":"<p>Herzlich willkommen auf unserer Internetseite, wir, das ist zu einem der Ortsverein T\u00f6nning\/ Witzwort e.V. und zum anderen, die damit verbundene Sanit\u00e4tsbereitschaft des zweiten Sanit\u00e4tszuges Nordfriesland, sowie der zweiten Betreuungsgruppe des Kreises Nordfriesland. Seit Februar 2023 verf\u00fcgen wir auch \u00fcber eine Drohnenstaffel. Hier m\u00f6chten wir dich \u00fcber die Entstehung des Ortsvereins sowie auch \u00fcber Neuigkeiten [&hellip;]<\/p>\n","protected":false},"author":1,"featured_media":0,"parent":0,"menu_order":0,"comment_status":"closed","ping_status":"closed","template":"","meta":{"ngg_post_thumbnail":0,"jetpack_post_was_ever_published":false,"footnotes":""},"class_list":["post-43","page","type-page","status-publish","hentry"],"jetpack_sharing_enabled":true,"jetpack_shortlink":"https:\/\/wp.me\/P7Ojiy-H","_links":{"self":[{"href":"https:\/\/xn--drk-twi-e1a.de\/index.php?rest_route=\/wp\/v2\/pages\/43","targetHints":{"allow":["GET"]}}],"collection":[{"href":"https:\/\/xn--drk-twi-e1a.de\/index.php?rest_route=\/wp\/v2\/pages"}],"about":[{"href":"https:\/\/xn--drk-twi-e1a.de\/index.php?rest_route=\/wp\/v2\/types\/page"}],"author":[{"embeddable":true,"href":"https:\/\/xn--drk-twi-e1a.de\/index.php?rest_route=\/wp\/v2\/users\/1"}],"replies":[{"embeddable":true,"href":"https:\/\/xn--drk-twi-e1a.de\/index.php?rest_route=%2Fwp%2Fv2%2Fcomments&post=43"}],"version-history":[{"count":18,"href":"https:\/\/xn--drk-twi-e1a.de\/index.php?rest_route=\/wp\/v2\/pages\/43\/revisions"}],"predecessor-version":[{"id":747,"href":"https:\/\/xn--drk-twi-e1a.de\/index.php?rest_route=\/wp\/v2\/pages\/43\/revisions\/747"}],"wp:attachment":[{"href":"https:\/\/xn--drk-twi-e1a.de\/index.php?rest_route=%2Fwp%2Fv2%2Fmedia&parent=43"}],"curies":[{"name":"wp","href":"https:\/\/api.w.org\/{rel}","templated":true}]}}