{"id":467,"date":"2020-04-15T22:16:36","date_gmt":"2020-04-15T20:16:36","guid":{"rendered":"http:\/\/xn--drk-twi-e1a.de\/?page_id=467"},"modified":"2022-05-23T13:38:28","modified_gmt":"2022-05-23T11:38:28","slug":"die-2-betreuungseinheit-nordfriesland","status":"publish","type":"page","link":"https:\/\/xn--drk-twi-e1a.de\/?page_id=467","title":{"rendered":"2. Betreuungsgruppe Nordfriesland"},"content":{"rendered":"\n<p><strong>Aufgaben:<\/strong><\/p>\n\n\n\n<p>Die Betreuungsgruppen des Kreises Nordfriesland haben innerhalb des Katastrophenschutzes die Aufgabe, bei Eintritt eines Gro\u00dfschadensereignisses oder dem Vorliegen einer Gefahrenlage diejenigen Menschen zu versorgen, die durch diese Situation in eine Notlage geraten sind. Im Gegensatz zu unserer zweiten Sanit\u00e4tsgruppe Nordfriesland versorgen wir mit dem Betreuungsdienst dabei die unverletzten Personen beziehungsweise verletzte Personen erst nach abgeschlossener Behandlung durch den Rettungs- und Sanit\u00e4tsdienst.<\/p>\n\n\n\n<p>Zu unseren Aufgaben geh\u00f6ren dabei:<\/p>\n\n\n\n<p><strong>Verpflegung<\/strong><\/p>\n\n\n\n<ul class=\"wp-block-list\"><li>die Herstellung und Ausgabe von Warm- und Kaltverpflegung und Getr\u00e4nken<\/li><\/ul>\n\n\n\n<p><strong>Soziale Betreuung und Unterkunft<\/strong><\/p>\n\n\n\n<ul class=\"wp-block-list\"><li>die Verteilung von Gegenst\u00e4nden des dringendsten pers\u00f6nlichen Bedarfs (Ge- und Verbrauchsg\u00fcter wie beispielsweise Hygieneartikel, Geschirr, Besteck etc.)<\/li><li>Heranf\u00fchren von Bedarfsmitteln f\u00fcr die in den Aufnahmestellen Evakuierten (Logistik)<\/li><li>die Ausgabe von Bekleidung<\/li><li>die Registrierung von Personen<\/li><li>die Durchf\u00fchrung und Begleitung von Personentransporten, zum Beispiel bei Evakuierungen<\/li><li>die Betreuung besonders hilfebed\u00fcrftiger Personen wie beispielsweise \u00e4lterer Menschen, behinderter Personen oder Eltern mit Kleinkindern<\/li><li>die psychische Betreuung von Betroffenen<\/li><li>die Einrichtung und der Betrieb von Behelfs- und Notunterk\u00fcnften<\/li><li>Evakuieren hilfsbed\u00fcrftiger Personen<\/li><\/ul>\n\n\n\n<p>Dar\u00fcber hinaus sind wir als Betreuungsgruppe auch in die Schnell Einsatz Gruppe (SEG) des Kreises Nordfriesland eingebunden. Als SEG Einheit haben wir im Grunde die gleichen Aufgaben wie im Katastrophenschutz. Allerdings sind hier meist weniger Personen betroffen oder wir Verpflegen unsere Feuerwehren bei l\u00e4ngeren Eins\u00e4tzen.<\/p>\n","protected":false},"excerpt":{"rendered":"<p>Aufgaben: Die Betreuungsgruppen des Kreises Nordfriesland haben innerhalb des Katastrophenschutzes die Aufgabe, bei Eintritt eines Gro\u00dfschadensereignisses oder dem Vorliegen einer Gefahrenlage diejenigen Menschen zu versorgen, die durch diese Situation in eine Notlage geraten sind. Im Gegensatz zu unserer zweiten Sanit\u00e4tsgruppe Nordfriesland versorgen wir mit dem Betreuungsdienst dabei die unverletzten Personen beziehungsweise verletzte Personen erst nach [&hellip;]<\/p>\n","protected":false},"author":1,"featured_media":0,"parent":10,"menu_order":2,"comment_status":"closed","ping_status":"closed","template":"","meta":{"ngg_post_thumbnail":0,"jetpack_post_was_ever_published":false,"footnotes":""},"class_list":["post-467","page","type-page","status-publish","hentry"],"jetpack_sharing_enabled":true,"jetpack_shortlink":"https:\/\/wp.me\/P7Ojiy-7x","_links":{"self":[{"href":"https:\/\/xn--drk-twi-e1a.de\/index.php?rest_route=\/wp\/v2\/pages\/467","targetHints":{"allow":["GET"]}}],"collection":[{"href":"https:\/\/xn--drk-twi-e1a.de\/index.php?rest_route=\/wp\/v2\/pages"}],"about":[{"href":"https:\/\/xn--drk-twi-e1a.de\/index.php?rest_route=\/wp\/v2\/types\/page"}],"author":[{"embeddable":true,"href":"https:\/\/xn--drk-twi-e1a.de\/index.php?rest_route=\/wp\/v2\/users\/1"}],"replies":[{"embeddable":true,"href":"https:\/\/xn--drk-twi-e1a.de\/index.php?rest_route=%2Fwp%2Fv2%2Fcomments&post=467"}],"version-history":[{"count":9,"href":"https:\/\/xn--drk-twi-e1a.de\/index.php?rest_route=\/wp\/v2\/pages\/467\/revisions"}],"predecessor-version":[{"id":591,"href":"https:\/\/xn--drk-twi-e1a.de\/index.php?rest_route=\/wp\/v2\/pages\/467\/revisions\/591"}],"up":[{"embeddable":true,"href":"https:\/\/xn--drk-twi-e1a.de\/index.php?rest_route=\/wp\/v2\/pages\/10"}],"wp:attachment":[{"href":"https:\/\/xn--drk-twi-e1a.de\/index.php?rest_route=%2Fwp%2Fv2%2Fmedia&parent=467"}],"curies":[{"name":"wp","href":"https:\/\/api.w.org\/{rel}","templated":true}]}}