{"id":691,"date":"2022-05-23T13:39:57","date_gmt":"2022-05-23T11:39:57","guid":{"rendered":"https:\/\/xn--drk-twi-e1a.de\/?page_id=691"},"modified":"2025-07-16T17:15:17","modified_gmt":"2025-07-16T15:15:17","slug":"drohnenstaffel-toewi","status":"publish","type":"page","link":"https:\/\/xn--drk-twi-e1a.de\/?page_id=691","title":{"rendered":"Drohnenstaffel des Deutschen Roten Kreuzes T\u00f6nning\/Witzwort"},"content":{"rendered":"\n<figure class=\"wp-block-gallery has-nested-images columns-default is-cropped wp-block-gallery-1 is-layout-flex wp-block-gallery-is-layout-flex\">\n<figure class=\"wp-block-image size-large\"><img loading=\"lazy\" decoding=\"async\" width=\"1024\" height=\"768\" data-id=\"704\" src=\"https:\/\/xn--drk-twi-e1a.de\/wp-content\/uploads\/2022\/05\/20220515_210206-1024x768.jpg\" alt=\"\" class=\"wp-image-704\" srcset=\"https:\/\/xn--drk-twi-e1a.de\/wp-content\/uploads\/2022\/05\/20220515_210206-1024x768.jpg 1024w, https:\/\/xn--drk-twi-e1a.de\/wp-content\/uploads\/2022\/05\/20220515_210206-300x225.jpg 300w, https:\/\/xn--drk-twi-e1a.de\/wp-content\/uploads\/2022\/05\/20220515_210206-768x576.jpg 768w, https:\/\/xn--drk-twi-e1a.de\/wp-content\/uploads\/2022\/05\/20220515_210206-1536x1152.jpg 1536w, https:\/\/xn--drk-twi-e1a.de\/wp-content\/uploads\/2022\/05\/20220515_210206-2048x1536.jpg 2048w\" sizes=\"auto, (max-width: 1024px) 100vw, 1024px\" \/><\/figure>\n\n\n\n<figure class=\"wp-block-image size-large\"><img loading=\"lazy\" decoding=\"async\" width=\"1024\" height=\"768\" data-id=\"700\" src=\"https:\/\/xn--drk-twi-e1a.de\/wp-content\/uploads\/2022\/05\/20220515_215008-1024x768.jpg\" alt=\"\" class=\"wp-image-700\" srcset=\"https:\/\/xn--drk-twi-e1a.de\/wp-content\/uploads\/2022\/05\/20220515_215008-1024x768.jpg 1024w, https:\/\/xn--drk-twi-e1a.de\/wp-content\/uploads\/2022\/05\/20220515_215008-300x225.jpg 300w, https:\/\/xn--drk-twi-e1a.de\/wp-content\/uploads\/2022\/05\/20220515_215008-768x576.jpg 768w, https:\/\/xn--drk-twi-e1a.de\/wp-content\/uploads\/2022\/05\/20220515_215008-1536x1152.jpg 1536w, https:\/\/xn--drk-twi-e1a.de\/wp-content\/uploads\/2022\/05\/20220515_215008-2048x1536.jpg 2048w\" sizes=\"auto, (max-width: 1024px) 100vw, 1024px\" \/><\/figure>\n\n\n\n<figure class=\"wp-block-image size-large\"><img loading=\"lazy\" decoding=\"async\" width=\"768\" height=\"1024\" data-id=\"697\" src=\"https:\/\/xn--drk-twi-e1a.de\/wp-content\/uploads\/2022\/05\/IMG-20220515-WA0020.jpg\" alt=\"\" class=\"wp-image-697\" srcset=\"https:\/\/xn--drk-twi-e1a.de\/wp-content\/uploads\/2022\/05\/IMG-20220515-WA0020.jpg 768w, https:\/\/xn--drk-twi-e1a.de\/wp-content\/uploads\/2022\/05\/IMG-20220515-WA0020-225x300.jpg 225w\" sizes=\"auto, (max-width: 768px) 100vw, 768px\" \/><\/figure>\n\n\n\n<figure class=\"wp-block-image size-large\"><img loading=\"lazy\" decoding=\"async\" width=\"768\" height=\"1024\" data-id=\"698\" src=\"https:\/\/xn--drk-twi-e1a.de\/wp-content\/uploads\/2022\/05\/IMG-20220515-WA0019-768x1024.jpg\" alt=\"\" class=\"wp-image-698\" srcset=\"https:\/\/xn--drk-twi-e1a.de\/wp-content\/uploads\/2022\/05\/IMG-20220515-WA0019-768x1024.jpg 768w, https:\/\/xn--drk-twi-e1a.de\/wp-content\/uploads\/2022\/05\/IMG-20220515-WA0019-225x300.jpg 225w, https:\/\/xn--drk-twi-e1a.de\/wp-content\/uploads\/2022\/05\/IMG-20220515-WA0019-1152x1536.jpg 1152w, https:\/\/xn--drk-twi-e1a.de\/wp-content\/uploads\/2022\/05\/IMG-20220515-WA0019.jpg 1200w\" sizes=\"auto, (max-width: 768px) 100vw, 768px\" \/><\/figure>\n\n\n\n<figure class=\"wp-block-image size-large\"><img loading=\"lazy\" decoding=\"async\" width=\"1024\" height=\"768\" data-id=\"699\" src=\"https:\/\/xn--drk-twi-e1a.de\/wp-content\/uploads\/2022\/05\/IMG-20220503-WA0005-1024x768.jpg\" alt=\"\" class=\"wp-image-699\" srcset=\"https:\/\/xn--drk-twi-e1a.de\/wp-content\/uploads\/2022\/05\/IMG-20220503-WA0005-1024x768.jpg 1024w, https:\/\/xn--drk-twi-e1a.de\/wp-content\/uploads\/2022\/05\/IMG-20220503-WA0005-300x225.jpg 300w, https:\/\/xn--drk-twi-e1a.de\/wp-content\/uploads\/2022\/05\/IMG-20220503-WA0005-768x576.jpg 768w, https:\/\/xn--drk-twi-e1a.de\/wp-content\/uploads\/2022\/05\/IMG-20220503-WA0005-1536x1152.jpg 1536w, https:\/\/xn--drk-twi-e1a.de\/wp-content\/uploads\/2022\/05\/IMG-20220503-WA0005.jpg 2048w\" sizes=\"auto, (max-width: 1024px) 100vw, 1024px\" \/><\/figure>\n<\/figure>\n\n\n<p><!-- Spendenaktion spendentaste --><\/p>\n<div class=\"steunactie-widget\" data-url=\"https:\/\/spendenaktion.de\/spendenaktion\/drohne-fur-eine-drohnenstaffel\/-20875?widget=big\">\n<p data-start=\"254\" data-end=\"441\"><strong data-start=\"254\" data-end=\"268\">Gegr\u00fcndet:<\/strong> 2021<br data-start=\"273\" data-end=\"276\"><strong data-start=\"276\" data-end=\"291\">Mitglieder:<\/strong> 9 aktive Einsatzkr\u00e4fte<br data-start=\"314\" data-end=\"317\"><strong data-start=\"317\" data-end=\"329\">Kontakt:<\/strong> <a class=\"cursor-pointer\" rel=\"noopener\" data-start=\"330\" data-end=\"395\">drohnenstaffel@drk-toewi.de<\/a><br data-start=\"395\" data-end=\"398\"><strong data-start=\"398\" data-end=\"414\">Alarmierung:<\/strong> \u00dcber die <em data-start=\"424\" data-end=\"441\">Leitstelle Nord<\/em><\/p>\n<hr data-start=\"443\" data-end=\"446\">\n<h3 data-start=\"448\" data-end=\"464\"><strong data-start=\"452\" data-end=\"464\">\u00dcber uns<\/strong><\/h3>\n<p data-start=\"466\" data-end=\"792\">Die Drohnenstaffel ist seit ihrer Gr\u00fcndung im Jahr 2021 ein fester Bestandteil der Bereitschaft des Deutschen Roten Kreuzes T\u00f6nning\/Witzwort. Aktuell engagieren sich neun Mitglieder aktiv in der Staffel. In regelm\u00e4\u00dfig stattfindenden Dienstabenden trainieren die Einsatzkr\u00e4fte den professionellen Umgang mit der Drohnentechnik.<\/p>\n<p data-start=\"794\" data-end=\"1102\">Ein Drohnenteam besteht stets aus einem Piloten und einem Beobachter. Zus\u00e4tzlich koordiniert ein Einsatzleiter die Teams \u2013 auch mehrere gleichzeitig, falls notwendig. In unserem Einsatzleitwagen k\u00f6nnen die Drohnendaten live auf einem gro\u00dfen Bildschirm ausgewertet und bei Bedarf direkt weitergeleitet werden.<\/p>\n<hr data-start=\"1104\" data-end=\"1107\">\n<h3 data-start=\"1109\" data-end=\"1132\"><strong data-start=\"1113\" data-end=\"1132\">Unsere Aufgaben<\/strong><\/h3>\n<ul data-start=\"1134\" data-end=\"1510\">\n<li data-start=\"1134\" data-end=\"1207\">\n<p data-start=\"1136\" data-end=\"1207\"><strong data-start=\"1136\" data-end=\"1171\">Unterst\u00fctzung anderer Einheiten<\/strong> durch Bild- und Daten\u00fcbermittlung<\/p>\n<\/li>\n<li data-start=\"1208\" data-end=\"1255\">\n<p data-start=\"1210\" data-end=\"1255\"><strong data-start=\"1210\" data-end=\"1227\">Personensuche<\/strong>, auch mit W\u00e4rmebildkamera<\/p>\n<\/li>\n<li data-start=\"1256\" data-end=\"1366\">\n<p data-start=\"1258\" data-end=\"1366\"><strong data-start=\"1258\" data-end=\"1275\">Lage\u00fcbersicht<\/strong> bei Gro\u00df- und Fl\u00e4chenlagen \u2013 inkl. Live-\u00dcbertragung auf Bildschirme und mobile Endger\u00e4te<\/p>\n<\/li>\n<li data-start=\"1367\" data-end=\"1447\">\n<p data-start=\"1369\" data-end=\"1447\"><strong data-start=\"1369\" data-end=\"1385\">Ausleuchtung<\/strong> schwer zug\u00e4nglicher Einsatzstellen durch Drohnenbeleuchtung<\/p>\n<\/li>\n<li data-start=\"1448\" data-end=\"1510\">\n<p data-start=\"1450\" data-end=\"1510\"><strong data-start=\"1450\" data-end=\"1469\">Kontaktaufnahme<\/strong> mit Personen in unzug\u00e4nglichem Gel\u00e4nde<\/p>\n<\/li>\n<\/ul>\n<hr data-start=\"1512\" data-end=\"1515\">\n<h3 data-start=\"1517\" data-end=\"1546\"><strong data-start=\"1521\" data-end=\"1546\">Technik &amp; Ausstattung<\/strong><\/h3>\n<p data-start=\"1548\" data-end=\"1701\"><strong data-start=\"1548\" data-end=\"1566\">Drohnenmodell:<\/strong> DJI Mavic 2 Enterprise Zoom (2 Ger\u00e4te)<br data-start=\"1605\" data-end=\"1608\"><strong data-start=\"1608\" data-end=\"1625\">Akkulaufzeit:<\/strong> ca. 30 Minuten pro Akku (je Drohne 3 Akkus verf\u00fcgbar)<br data-start=\"1679\" data-end=\"1682\"><strong data-start=\"1682\" data-end=\"1701\">Besonderheiten:<\/strong><\/p>\n<ul data-start=\"1703\" data-end=\"1972\">\n<li data-start=\"1703\" data-end=\"1761\">\n<p data-start=\"1705\" data-end=\"1761\"><strong data-start=\"1705\" data-end=\"1722\">Nachflugf\u00e4hig<\/strong> durch integrierte Drohnenbeleuchtung<\/p>\n<\/li>\n<li data-start=\"1762\" data-end=\"1853\">\n<p data-start=\"1764\" data-end=\"1853\"><strong data-start=\"1764\" data-end=\"1786\">Lautsprechermodul:<\/strong> Spontane Sprachausgabe oder Wiedergabe vorab aufgenommener Texte<\/p>\n<\/li>\n<li data-start=\"1854\" data-end=\"1914\">\n<p data-start=\"1856\" data-end=\"1914\"><strong data-start=\"1856\" data-end=\"1876\">LED-Scheinwerfer<\/strong> zur Ausleuchtung von Einsatzstellen<\/p>\n<\/li>\n<li data-start=\"1915\" data-end=\"1972\">\n<p data-start=\"1917\" data-end=\"1972\"><strong data-start=\"1917\" data-end=\"1934\">GPS-Tracking:<\/strong> Punktgenaue Koordinaten\u00fcbermittlung<\/p>\n<\/li>\n<\/ul>\n<hr data-start=\"1974\" data-end=\"1977\">\n<h3 data-start=\"1979\" data-end=\"2001\"><strong data-start=\"1983\" data-end=\"2001\">Einsatzgrenzen<\/strong><\/h3>\n<ul data-start=\"2003\" data-end=\"2148\">\n<li data-start=\"2003\" data-end=\"2047\">\n<p data-start=\"2005\" data-end=\"2047\"><strong data-start=\"2005\" data-end=\"2014\">Wind:<\/strong> bis ca. 40 km\/h (Windst\u00e4rke 5)<\/p>\n<\/li>\n<li data-start=\"2048\" data-end=\"2104\">\n<p data-start=\"2050\" data-end=\"2104\"><strong data-start=\"2050\" data-end=\"2060\">Regen:<\/strong> Eins\u00e4tze bei leichtem Nieselregen m\u00f6glich<\/p>\n<\/li>\n<li data-start=\"2105\" data-end=\"2148\">\n<p data-start=\"2107\" data-end=\"2148\"><strong data-start=\"2107\" data-end=\"2124\">Temperaturen:<\/strong> von \u201320 \u00b0C bis +40 \u00b0C<\/p>\n<\/li>\n<\/ul>\n<hr data-start=\"2150\" data-end=\"2153\">\n<h3 data-start=\"2155\" data-end=\"2178\"><strong data-start=\"2159\" data-end=\"2178\">Ansprechpartner<\/strong><\/h3>\n<ul data-start=\"2180\" data-end=\"2288\">\n<li data-start=\"2180\" data-end=\"2222\">\n<p data-start=\"2182\" data-end=\"2222\"><strong data-start=\"2182\" data-end=\"2209\">Leitung Drohnenstaffel:<\/strong> Tom Heider<\/p>\n<\/li>\n<li data-start=\"2223\" data-end=\"2288\">\n<p data-start=\"2225\" data-end=\"2288\"><strong data-start=\"2225\" data-end=\"2275\">Stellvertretende Leitung \/ Technische Leitung:<\/strong> Jens Brand<\/p>\n<\/li>\n<\/ul>\n<hr data-start=\"2290\" data-end=\"2293\">\n<p data-start=\"2295\" data-end=\"2476\">Wenn Sie spezielle Einsatzanfragen haben oder weitere Informationen w\u00fcnschen, kontaktieren Sie uns gerne unter<br data-start=\"2405\" data-end=\"2408\">\ud83d\udce7 <a class=\"cursor-pointer\" rel=\"noopener\" data-start=\"2411\" data-end=\"2476\">drohnenstaffel@drk-toewi.de<\/a><\/p>\n<\/div>\n\n\n<p><\/p>\n","protected":false},"excerpt":{"rendered":"<p>Gegr\u00fcndet: 2021Mitglieder: 9 aktive Einsatzkr\u00e4fteKontakt: drohnenstaffel@drk-toewi.deAlarmierung: \u00dcber die Leitstelle Nord \u00dcber uns Die Drohnenstaffel ist seit ihrer Gr\u00fcndung im Jahr 2021 ein fester Bestandteil der Bereitschaft des Deutschen Roten Kreuzes T\u00f6nning\/Witzwort. Aktuell engagieren sich neun Mitglieder aktiv in der Staffel. In regelm\u00e4\u00dfig stattfindenden Dienstabenden trainieren die Einsatzkr\u00e4fte den professionellen Umgang mit der Drohnentechnik. Ein Drohnenteam [&hellip;]<\/p>\n","protected":false},"author":1,"featured_media":0,"parent":0,"menu_order":3,"comment_status":"closed","ping_status":"closed","template":"","meta":{"ngg_post_thumbnail":0,"jetpack_post_was_ever_published":false,"footnotes":""},"class_list":["post-691","page","type-page","status-publish","hentry"],"jetpack_sharing_enabled":true,"jetpack_shortlink":"https:\/\/wp.me\/P7Ojiy-b9","_links":{"self":[{"href":"https:\/\/xn--drk-twi-e1a.de\/index.php?rest_route=\/wp\/v2\/pages\/691","targetHints":{"allow":["GET"]}}],"collection":[{"href":"https:\/\/xn--drk-twi-e1a.de\/index.php?rest_route=\/wp\/v2\/pages"}],"about":[{"href":"https:\/\/xn--drk-twi-e1a.de\/index.php?rest_route=\/wp\/v2\/types\/page"}],"author":[{"embeddable":true,"href":"https:\/\/xn--drk-twi-e1a.de\/index.php?rest_route=\/wp\/v2\/users\/1"}],"replies":[{"embeddable":true,"href":"https:\/\/xn--drk-twi-e1a.de\/index.php?rest_route=%2Fwp%2Fv2%2Fcomments&post=691"}],"version-history":[{"count":15,"href":"https:\/\/xn--drk-twi-e1a.de\/index.php?rest_route=\/wp\/v2\/pages\/691\/revisions"}],"predecessor-version":[{"id":766,"href":"https:\/\/xn--drk-twi-e1a.de\/index.php?rest_route=\/wp\/v2\/pages\/691\/revisions\/766"}],"wp:attachment":[{"href":"https:\/\/xn--drk-twi-e1a.de\/index.php?rest_route=%2Fwp%2Fv2%2Fmedia&parent=691"}],"curies":[{"name":"wp","href":"https:\/\/api.w.org\/{rel}","templated":true}]}}