{"id":7,"date":"2013-06-14T12:59:12","date_gmt":"2013-06-14T10:59:12","guid":{"rendered":"http:\/\/xn--drk-twi-e1a.de\/?page_id=7"},"modified":"2025-07-16T17:10:06","modified_gmt":"2025-07-16T15:10:06","slug":"der-ortsverein","status":"publish","type":"page","link":"https:\/\/xn--drk-twi-e1a.de\/?page_id=7","title":{"rendered":"DRK-Ortsverein"},"content":{"rendered":"<p data-start=\"207\" data-end=\"499\">Der DRK-Ortsverein T\u00f6nning wurde im Jahr <strong data-start=\"248\" data-end=\"256\">1950<\/strong> gegr\u00fcndet und blickt heute auf <strong data-start=\"288\" data-end=\"300\">75 Jahre<\/strong> engagierte Arbeit f\u00fcr die Menschen in unserer Region zur\u00fcck. Mit unserer Bereitschaft, der Jugendarbeit und unserem sozialen Engagement sind wir seitdem ein fester Bestandteil des Lebens in T\u00f6nning.<\/p>\n<p data-start=\"501\" data-end=\"708\">Seit <strong data-start=\"506\" data-end=\"514\">2011<\/strong> sind wir mit dem ehemaligen DRK-Ortsverein Witzwort fusioniert, um auch dort die wichtige Arbeit des Roten Kreuzes fortzuf\u00fchren \u2013 denn auch Witzwort hat eine lange und bedeutende DRK-Tradition.<\/p>\n<p data-start=\"710\" data-end=\"928\">Ein fester Bestandteil unserer Arbeit ist die regelm\u00e4\u00dfige Organisation von <strong data-start=\"785\" data-end=\"818\">Blutspendeterminen in T\u00f6nning<\/strong>, gemeinsam mit dem Blutspendedienst des DRK. So tragen wir aktiv zur Gesundheitsversorgung in der Region bei.<\/p>\n<p data-start=\"930\" data-end=\"971\"><strong data-start=\"930\" data-end=\"971\">Unser aktueller Vorstand besteht aus:<\/strong><\/p>\n<ul data-start=\"972\" data-end=\"1091\">\n<li data-start=\"972\" data-end=\"1004\">\n<p data-start=\"974\" data-end=\"1004\"><strong data-start=\"974\" data-end=\"991\">Vorsitzender:<\/strong> Tom Heider<\/p>\n<\/li>\n<li data-start=\"1005\" data-end=\"1056\">\n<p data-start=\"1007\" data-end=\"1056\"><strong data-start=\"1007\" data-end=\"1040\">Stellvertretende Vorsitzende:<\/strong> Irmgard Johns<\/p>\n<\/li>\n<li data-start=\"1057\" data-end=\"1091\">\n<p data-start=\"1059\" data-end=\"1091\"><strong data-start=\"1059\" data-end=\"1074\">Kassenwart:<\/strong> Sasha Schmieta<\/p>\n<\/li>\n<\/ul>\n<p data-start=\"1093\" data-end=\"1408\">Damit wir unsere Arbeit auch in Zukunft fortsetzen k\u00f6nnen, <strong data-start=\"1152\" data-end=\"1188\">brauchen wir Ihre Unterst\u00fctzung!<\/strong><br data-start=\"1188\" data-end=\"1191\">Werden Sie Mitglied \u2013 ob aktiv oder passiv \u2013 und helfen Sie uns dabei, Gutes zu tun.<br data-start=\"1275\" data-end=\"1278\">Bei Interesse nehmen Sie gern Kontakt zu uns auf:<br data-start=\"1327\" data-end=\"1330\">\ud83d\udce7 <strong data-start=\"1333\" data-end=\"1363\"><a class=\"cursor-pointer\" rel=\"noopener\" data-start=\"1335\" data-end=\"1361\">ichwillhelfen@drk-toewi.de<\/a><\/strong><br data-start=\"1363\" data-end=\"1366\">Wir melden uns schnellstm\u00f6glich bei Ihnen!<\/p>\n","protected":false},"excerpt":{"rendered":"<p>Der DRK-Ortsverein T\u00f6nning wurde im Jahr 1950 gegr\u00fcndet und blickt heute auf 75 Jahre engagierte Arbeit f\u00fcr die Menschen in unserer Region zur\u00fcck. Mit unserer Bereitschaft, der Jugendarbeit und unserem sozialen Engagement sind wir seitdem ein fester Bestandteil des Lebens in T\u00f6nning. Seit 2011 sind wir mit dem ehemaligen DRK-Ortsverein Witzwort fusioniert, um auch dort [&hellip;]<\/p>\n","protected":false},"author":1,"featured_media":0,"parent":0,"menu_order":1,"comment_status":"closed","ping_status":"closed","template":"","meta":{"ngg_post_thumbnail":0,"jetpack_post_was_ever_published":false,"footnotes":""},"class_list":["post-7","page","type-page","status-publish","hentry"],"jetpack_sharing_enabled":true,"jetpack_shortlink":"https:\/\/wp.me\/P7Ojiy-7","_links":{"self":[{"href":"https:\/\/xn--drk-twi-e1a.de\/index.php?rest_route=\/wp\/v2\/pages\/7","targetHints":{"allow":["GET"]}}],"collection":[{"href":"https:\/\/xn--drk-twi-e1a.de\/index.php?rest_route=\/wp\/v2\/pages"}],"about":[{"href":"https:\/\/xn--drk-twi-e1a.de\/index.php?rest_route=\/wp\/v2\/types\/page"}],"author":[{"embeddable":true,"href":"https:\/\/xn--drk-twi-e1a.de\/index.php?rest_route=\/wp\/v2\/users\/1"}],"replies":[{"embeddable":true,"href":"https:\/\/xn--drk-twi-e1a.de\/index.php?rest_route=%2Fwp%2Fv2%2Fcomments&post=7"}],"version-history":[{"count":15,"href":"https:\/\/xn--drk-twi-e1a.de\/index.php?rest_route=\/wp\/v2\/pages\/7\/revisions"}],"predecessor-version":[{"id":764,"href":"https:\/\/xn--drk-twi-e1a.de\/index.php?rest_route=\/wp\/v2\/pages\/7\/revisions\/764"}],"wp:attachment":[{"href":"https:\/\/xn--drk-twi-e1a.de\/index.php?rest_route=%2Fwp%2Fv2%2Fmedia&parent=7"}],"curies":[{"name":"wp","href":"https:\/\/api.w.org\/{rel}","templated":true}]}}