{"id":83,"date":"2013-06-14T15:24:47","date_gmt":"2013-06-14T13:24:47","guid":{"rendered":"http:\/\/xn--drk-twi-e1a.de\/?page_id=83"},"modified":"2025-06-05T18:36:29","modified_gmt":"2025-06-05T16:36:29","slug":"bereitschaftsleitung","status":"publish","type":"page","link":"https:\/\/xn--drk-twi-e1a.de\/?page_id=83","title":{"rendered":"F\u00fchrungsebene"},"content":{"rendered":"<p><strong>Bereitschaftsleiter\/in<\/strong> :<\/p>\n<p>Tom Heider<\/p>\n<p><strong>stellv. Bereitschaftsleiter :<\/strong><\/p>\n<p>Markus Schmieta<br \/>\nOle Hellstr\u00f6m<br \/>\nLars Garreis<\/p>\n<p><strong>Gruppenf\u00fchrer der Katastrophenschutzeinheiten:<\/strong><\/p>\n<p>Gruppenf\u00fchrer 2. Betreuungsgruppe : Irmgard Johns<br \/>\nGruppenf\u00fchrerin 2. Sanit\u00e4tsgruppe &nbsp; &nbsp;: Tom Heider<\/p>\n<p>Fragen an die Bereitschaftsleitung gern an :<br \/>\nbl@drk-toewi.de<\/p>\n<p><a title=\"Die Sanit\u00e4tsbereitschaft\" href=\"http:\/\/xn--drk-twi-e1a.de\/?page_id=10\">zur\u00fcck<\/a><\/p>\n","protected":false},"excerpt":{"rendered":"<p>Bereitschaftsleiter\/in : Tom Heider stellv. Bereitschaftsleiter : Markus Schmieta Ole Hellstr\u00f6m Lars Garreis Gruppenf\u00fchrer der Katastrophenschutzeinheiten: Gruppenf\u00fchrer 2. Betreuungsgruppe : Irmgard Johns Gruppenf\u00fchrerin 2. Sanit\u00e4tsgruppe &nbsp; &nbsp;: Tom Heider Fragen an die Bereitschaftsleitung gern an : bl@drk-toewi.de zur\u00fcck<\/p>\n","protected":false},"author":1,"featured_media":0,"parent":10,"menu_order":1,"comment_status":"closed","ping_status":"closed","template":"","meta":{"ngg_post_thumbnail":0,"jetpack_post_was_ever_published":false,"footnotes":""},"class_list":["post-83","page","type-page","status-publish","hentry"],"jetpack_sharing_enabled":true,"jetpack_shortlink":"https:\/\/wp.me\/P7Ojiy-1l","_links":{"self":[{"href":"https:\/\/xn--drk-twi-e1a.de\/index.php?rest_route=\/wp\/v2\/pages\/83","targetHints":{"allow":["GET"]}}],"collection":[{"href":"https:\/\/xn--drk-twi-e1a.de\/index.php?rest_route=\/wp\/v2\/pages"}],"about":[{"href":"https:\/\/xn--drk-twi-e1a.de\/index.php?rest_route=\/wp\/v2\/types\/page"}],"author":[{"embeddable":true,"href":"https:\/\/xn--drk-twi-e1a.de\/index.php?rest_route=\/wp\/v2\/users\/1"}],"replies":[{"embeddable":true,"href":"https:\/\/xn--drk-twi-e1a.de\/index.php?rest_route=%2Fwp%2Fv2%2Fcomments&post=83"}],"version-history":[{"count":15,"href":"https:\/\/xn--drk-twi-e1a.de\/index.php?rest_route=\/wp\/v2\/pages\/83\/revisions"}],"predecessor-version":[{"id":760,"href":"https:\/\/xn--drk-twi-e1a.de\/index.php?rest_route=\/wp\/v2\/pages\/83\/revisions\/760"}],"up":[{"embeddable":true,"href":"https:\/\/xn--drk-twi-e1a.de\/index.php?rest_route=\/wp\/v2\/pages\/10"}],"wp:attachment":[{"href":"https:\/\/xn--drk-twi-e1a.de\/index.php?rest_route=%2Fwp%2Fv2%2Fmedia&parent=83"}],"curies":[{"name":"wp","href":"https:\/\/api.w.org\/{rel}","templated":true}]}}